{"id":44,"date":"2021-04-18T11:57:45","date_gmt":"2021-04-18T09:57:45","guid":{"rendered":"http:\/\/steubenparade.schuetzenbruderschaft-mastholte.de\/?page_id=44"},"modified":"2021-04-18T15:19:56","modified_gmt":"2021-04-18T13:19:56","slug":"start","status":"publish","type":"page","link":"http:\/\/steubenparade.schuetzenbruderschaft-mastholte.de\/","title":{"rendered":"St. Jakobus Mastholte und die Steubenparade"},"content":{"rendered":"\t\t<div data-elementor-type=\"wp-page\" data-elementor-id=\"44\" class=\"elementor elementor-44\">\n\t\t\t\t\t\t<section class=\"elementor-section elementor-top-section elementor-element elementor-element-323bd79 elementor-section-boxed elementor-section-height-default elementor-section-height-default\" data-id=\"323bd79\" data-element_type=\"section\">\n\t\t\t\t\t\t<div class=\"elementor-container elementor-column-gap-default\">\n\t\t\t\t\t<div class=\"elementor-column elementor-col-100 elementor-top-column elementor-element elementor-element-e7c3606\" data-id=\"e7c3606\" data-element_type=\"column\">\n\t\t\t<div class=\"elementor-widget-wrap elementor-element-populated\">\n\t\t\t\t\t\t<section class=\"elementor-section elementor-inner-section elementor-element elementor-element-51a741f elementor-section-boxed elementor-section-height-default elementor-section-height-default\" data-id=\"51a741f\" data-element_type=\"section\">\n\t\t\t\t\t\t<div class=\"elementor-container elementor-column-gap-default\">\n\t\t\t\t\t<div class=\"elementor-column elementor-col-50 elementor-inner-column elementor-element elementor-element-a8c44e7\" data-id=\"a8c44e7\" data-element_type=\"column\">\n\t\t\t<div class=\"elementor-widget-wrap elementor-element-populated\">\n\t\t\t\t\t\t<div class=\"elementor-element elementor-element-7b951c2 elementor-widget elementor-widget-text-editor\" data-id=\"7b951c2\" data-element_type=\"widget\" data-widget_type=\"text-editor.default\">\n\t\t\t\t<div class=\"elementor-widget-container\">\n\t\t\t\t\t\t\t\t\t<p>Wie toll w\u00e4re es wenn wir alle zusammen nach New York fahren und \u00fcber die 5th Avenue laufen. Genau das hat sich auch die St. Jakobus Sch\u00fctzenbruderschaft gedacht und kurzerhand die Organisation in die Hand genommen.<\/p><p>Urspr\u00fcnglich sollte die Reise im September 2021 stattfinden. Hier hat jedoch die Corona Pandemie einen Strich durch die Rechnung gemacht. Jetzt ist dieses einmalige Erlebnis f\u00fcr das Jahr 2022 geplant.<\/p><p>Zusammen mit dem Reiseb\u00fcro Merican, welches sich auf solche Reisen spezialisiert hat, plant das Organisationskomitee einen unvergesslichen Ausflug f\u00fcr alle Mitglieder der Mastholter Sch\u00fctzenbruderschaft.<\/p><p>Auf dieser Seite erfahrt ihr alles rund um die Tour. Wie ist die Steubenparade entstanden, wann und wo kann ich mich anmelden, welche Ausfl\u00fcge sind geplant. All diese Informationen erhaltet ihr auf dieser Seite.<\/p><p>Wir k\u00f6nnen es kaum erwarten mit euch in die USA zu fliegen und stehen euch f\u00fcr R\u00fcckfragen gerne zur Verf\u00fcgung.<\/p>\t\t\t\t\t\t\t\t<\/div>\n\t\t\t\t<\/div>\n\t\t\t\t\t<\/div>\n\t\t<\/div>\n\t\t\t\t<div class=\"elementor-column elementor-col-50 elementor-inner-column elementor-element elementor-element-48607e0\" data-id=\"48607e0\" data-element_type=\"column\">\n\t\t\t<div class=\"elementor-widget-wrap elementor-element-populated\">\n\t\t\t\t\t\t<div class=\"elementor-element elementor-element-5ccaad5 elementor-widget elementor-widget-image\" data-id=\"5ccaad5\" data-element_type=\"widget\" data-widget_type=\"image.default\">\n\t\t\t\t<div class=\"elementor-widget-container\">\n\t\t\t\t\t\t\t\t\t\t\t\t\t\t\t<img fetchpriority=\"high\" decoding=\"async\" width=\"768\" height=\"576\" src=\"http:\/\/steubenparade.schuetzenbruderschaft-mastholte.de\/wp-content\/uploads\/2021\/04\/imageonline-co-sharpenedimage-768x576.png\" class=\"attachment-medium_large size-medium_large wp-image-81\" alt=\"\" srcset=\"http:\/\/steubenparade.schuetzenbruderschaft-mastholte.de\/wp-content\/uploads\/2021\/04\/imageonline-co-sharpenedimage-768x576.png 768w, http:\/\/steubenparade.schuetzenbruderschaft-mastholte.de\/wp-content\/uploads\/2021\/04\/imageonline-co-sharpenedimage-300x225.png 300w, http:\/\/steubenparade.schuetzenbruderschaft-mastholte.de\/wp-content\/uploads\/2021\/04\/imageonline-co-sharpenedimage-1x1.png 1w, http:\/\/steubenparade.schuetzenbruderschaft-mastholte.de\/wp-content\/uploads\/2021\/04\/imageonline-co-sharpenedimage-e1618751876997.png 400w\" sizes=\"(max-width: 768px) 100vw, 768px\" \/>\t\t\t\t\t\t\t\t\t\t\t\t\t\t\t<\/div>\n\t\t\t\t<\/div>\n\t\t\t\t<div class=\"elementor-element elementor-element-713f7cb elementor-widget elementor-widget-image\" data-id=\"713f7cb\" data-element_type=\"widget\" data-widget_type=\"image.default\">\n\t\t\t\t<div class=\"elementor-widget-container\">\n\t\t\t\t\t\t\t\t\t\t\t\t\t\t\t<img decoding=\"async\" width=\"768\" height=\"362\" src=\"http:\/\/steubenparade.schuetzenbruderschaft-mastholte.de\/wp-content\/uploads\/2021\/04\/imageonline-co-sharpenedimage-2-768x362.png\" class=\"attachment-medium_large size-medium_large wp-image-82\" alt=\"\" srcset=\"http:\/\/steubenparade.schuetzenbruderschaft-mastholte.de\/wp-content\/uploads\/2021\/04\/imageonline-co-sharpenedimage-2-768x362.png 768w, http:\/\/steubenparade.schuetzenbruderschaft-mastholte.de\/wp-content\/uploads\/2021\/04\/imageonline-co-sharpenedimage-2-300x141.png 300w, http:\/\/steubenparade.schuetzenbruderschaft-mastholte.de\/wp-content\/uploads\/2021\/04\/imageonline-co-sharpenedimage-2-1024x483.png 1024w, http:\/\/steubenparade.schuetzenbruderschaft-mastholte.de\/wp-content\/uploads\/2021\/04\/imageonline-co-sharpenedimage-2-1x1.png 1w, http:\/\/steubenparade.schuetzenbruderschaft-mastholte.de\/wp-content\/uploads\/2021\/04\/imageonline-co-sharpenedimage-2-e1618751926980.png 800w\" sizes=\"(max-width: 768px) 100vw, 768px\" \/>\t\t\t\t\t\t\t\t\t\t\t\t\t\t\t<\/div>\n\t\t\t\t<\/div>\n\t\t\t\t\t<\/div>\n\t\t<\/div>\n\t\t\t\t\t<\/div>\n\t\t<\/section>\n\t\t\t\t\t<\/div>\n\t\t<\/div>\n\t\t\t\t\t<\/div>\n\t\t<\/section>\n\t\t\t\t<\/div>\n\t\t","protected":false},"excerpt":{"rendered":"<p>Wie toll w\u00e4re es wenn wir alle zusammen nach New York fahren und \u00fcber die 5th Avenue laufen. Genau das hat sich auch die St. Jakobus Sch\u00fctzenbruderschaft gedacht und kurzerhand die Organisation in die Hand genommen. Urspr\u00fcnglich sollte die Reise im September 2021 stattfinden. Hier hat jedoch die Corona Pandemie einen Strich durch die Rechnung [&hellip;]<\/p>\n","protected":false},"author":1,"featured_media":0,"parent":0,"menu_order":0,"comment_status":"closed","ping_status":"closed","template":"","meta":{"footnotes":""},"class_list":["post-44","page","type-page","status-publish","hentry"],"_links":{"self":[{"href":"http:\/\/steubenparade.schuetzenbruderschaft-mastholte.de\/index.php\/wp-json\/wp\/v2\/pages\/44","targetHints":{"allow":["GET"]}}],"collection":[{"href":"http:\/\/steubenparade.schuetzenbruderschaft-mastholte.de\/index.php\/wp-json\/wp\/v2\/pages"}],"about":[{"href":"http:\/\/steubenparade.schuetzenbruderschaft-mastholte.de\/index.php\/wp-json\/wp\/v2\/types\/page"}],"author":[{"embeddable":true,"href":"http:\/\/steubenparade.schuetzenbruderschaft-mastholte.de\/index.php\/wp-json\/wp\/v2\/users\/1"}],"replies":[{"embeddable":true,"href":"http:\/\/steubenparade.schuetzenbruderschaft-mastholte.de\/index.php\/wp-json\/wp\/v2\/comments?post=44"}],"version-history":[{"count":15,"href":"http:\/\/steubenparade.schuetzenbruderschaft-mastholte.de\/index.php\/wp-json\/wp\/v2\/pages\/44\/revisions"}],"predecessor-version":[{"id":85,"href":"http:\/\/steubenparade.schuetzenbruderschaft-mastholte.de\/index.php\/wp-json\/wp\/v2\/pages\/44\/revisions\/85"}],"wp:attachment":[{"href":"http:\/\/steubenparade.schuetzenbruderschaft-mastholte.de\/index.php\/wp-json\/wp\/v2\/media?parent=44"}],"curies":[{"name":"wp","href":"https:\/\/api.w.org\/{rel}","templated":true}]}}